{"id":769,"date":"2023-11-19T18:04:17","date_gmt":"2023-11-19T18:04:17","guid":{"rendered":"https:\/\/schmuckanders.at\/?page_id=769"},"modified":"2025-12-23T14:21:50","modified_gmt":"2025-12-23T14:21:50","slug":"workshops","status":"publish","type":"page","link":"https:\/\/schmuckanders.at\/en\/workshops\/","title":{"rendered":"Workshop"},"content":{"rendered":"<div class=\"wp-block-group\" style=\"padding-right:var(--wp--preset--spacing--40);padding-left:var(--wp--preset--spacing--40)\"><div class=\"wp-block-group__inner-container is-layout-constrained wp-container-core-group-is-layout-8cd669b9 wp-block-group-is-layout-constrained\">\n<p>Mache dein einzigartiges Schmuckst\u00fcck SELBST!<\/p>\n\n\n\n<p>Willst du die faszinierende Welt des Schmucksmachens entdecken, ganz gleich, ob du ein vollkommener Neuling bist oder bereits eine Idee im Kopf hast, die du umsetzen m\u00f6chtest? Dann bist du bei mir genau richtig!<\/p>\n\n\n\n<p>In meinen Workshops hast du die Wahl. Als Anf\u00e4nger*in kannst du die Grundlagen des Goldschmiedens erlernen und gleichzeitig ein eigenes Schmuckst\u00fcck fertigen. Wenn du bereits Erfahrung hast und eine bestimmte Technik erlernen m\u00f6chtest, stehe ich dir gerne zur Seite.<\/p>\n\n\n\n<p>Du kannst alleine teilnehmen oder mit einer Freundin, um gemeinsam kreative Stunden zu verbringen. Die Workshops sind flexibel und k\u00f6nnen einmalig gebucht werden. F\u00fcr Anf\u00e4nger*innen planen wir in der Regel 3 bis 4 Stunden ein. Der Preis betr\u00e4gt 50 Euro pro Stunde.<\/p>\n\n\n\n<p>Wenn du bereits \u00fcber Vorkenntnisse verf\u00fcgst oder eine spezielle Technik erlernen m\u00f6chtest, z\u00f6gere nicht, dich bei mir zu melden. Gemeinsam finden wir den passenden Weg, um deine Schmuckideen in die Realit\u00e4t umzusetzen.<\/p>\n\n\n\n<div style=\"height:100px\" aria-hidden=\"true\" class=\"wp-block-spacer\"><\/div>\n\n\n\n<figure class=\"wp-block-image alignwide size-large\"><img data-opt-id=758893364  fetchpriority=\"high\" decoding=\"async\" src=\"data:image\/gif;base64,R0lGODlhAQABAIAAAAAAAP\/\/\/yH5BAEAAAAALAAAAAABAAEAAAIBRAA7\" data-src=\"https:\/\/mlrynhpgej5u.i.optimole.com\/cb:PTzC.47fa3\/w:auto\/h:auto\/q:mauto\/ig:avif\/https:\/\/schmuckanders.at\/wp-content\/uploads\/2023\/11\/IMG_20230123_211911746_processed-1.jpg\" alt=\"Tina\" class=\"wp-image-825 lazyload\"\/><noscript><img data-opt-id=1896282989  fetchpriority=\"high\" decoding=\"async\" width=\"1970\" height=\"2140\" src=\"https:\/\/mlrynhpgej5u.i.optimole.com\/cb:PTzC.47fa3\/w:auto\/h:auto\/q:mauto\/ig:avif\/https:\/\/schmuckanders.at\/wp-content\/uploads\/2023\/11\/IMG_20230123_211911746_processed-1.jpg\" alt=\"Tina\" class=\"wp-image-825 lazyload\" srcset=\"https:\/\/mlrynhpgej5u.i.optimole.com\/cb:PTzC.47fa3\/w:994\/h:1079\/q:mauto\/ig:avif\/https:\/\/schmuckanders.at\/wp-content\/uploads\/2023\/11\/IMG_20230123_211911746_processed-1.jpg 1970w, https:\/\/mlrynhpgej5u.i.optimole.com\/cb:PTzC.47fa3\/w:276\/h:300\/q:mauto\/ig:avif\/https:\/\/schmuckanders.at\/wp-content\/uploads\/2023\/11\/IMG_20230123_211911746_processed-1.jpg 276w, https:\/\/mlrynhpgej5u.i.optimole.com\/cb:PTzC.47fa3\/w:943\/h:1024\/q:mauto\/ig:avif\/https:\/\/schmuckanders.at\/wp-content\/uploads\/2023\/11\/IMG_20230123_211911746_processed-1.jpg 943w, https:\/\/mlrynhpgej5u.i.optimole.com\/cb:PTzC.47fa3\/w:768\/h:834\/q:mauto\/ig:avif\/https:\/\/schmuckanders.at\/wp-content\/uploads\/2023\/11\/IMG_20230123_211911746_processed-1.jpg 768w, https:\/\/mlrynhpgej5u.i.optimole.com\/cb:PTzC.47fa3\/w:994\/h:1080\/q:mauto\/ig:avif\/https:\/\/schmuckanders.at\/wp-content\/uploads\/2023\/11\/IMG_20230123_211911746_processed-1.jpg 1414w, https:\/\/mlrynhpgej5u.i.optimole.com\/cb:PTzC.47fa3\/w:994\/h:1080\/q:mauto\/ig:avif\/https:\/\/schmuckanders.at\/wp-content\/uploads\/2023\/11\/IMG_20230123_211911746_processed-1.jpg 1885w, https:\/\/mlrynhpgej5u.i.optimole.com\/cb:PTzC.47fa3\/w:11\/h:12\/q:mauto\/ig:avif\/dpr:2\/https:\/\/schmuckanders.at\/wp-content\/uploads\/2023\/11\/IMG_20230123_211911746_processed-1.jpg 11w, https:\/\/mlrynhpgej5u.i.optimole.com\/cb:PTzC.47fa3\/w:994\/h:1080\/q:mauto\/ig:avif\/https:\/\/schmuckanders.at\/wp-content\/uploads\/2023\/11\/IMG_20230123_211911746_processed-1.jpg 1320w, https:\/\/mlrynhpgej5u.i.optimole.com\/cb:PTzC.47fa3\/w:600\/h:652\/q:mauto\/ig:avif\/https:\/\/schmuckanders.at\/wp-content\/uploads\/2023\/11\/IMG_20230123_211911746_processed-1.jpg 600w\" sizes=\"(max-width: 1200px) 100vw, 1200px\" \/><\/noscript><\/figure>\n<\/div><\/div>\n\n\n\n<div style=\"height:100px\" aria-hidden=\"true\" class=\"wp-block-spacer\"><\/div>","protected":false},"excerpt":{"rendered":"<p>Mache dein einzigartiges Schmuckst\u00fcck SELBST! Willst du die faszinierende Welt des Schmucksmachens entdecken, ganz gleich, ob du ein vollkommener Neuling bist oder bereits eine Idee im Kopf hast, die du umsetzen m\u00f6chtest? Dann bist du bei mir genau richtig! In meinen Workshops hast du die Wahl. Als Anf\u00e4nger*in kannst du die Grundlagen des Goldschmiedens erlernen&hellip;&nbsp;<a href=\"https:\/\/schmuckanders.at\/en\/workshops\/\" rel=\"bookmark\">Read More &raquo;<span class=\"screen-reader-text\">Workshop<\/span><\/a><\/p>","protected":false},"author":1,"featured_media":0,"parent":0,"menu_order":0,"comment_status":"closed","ping_status":"closed","template":"","meta":{"om_disable_all_campaigns":false,"_monsterinsights_skip_tracking":false,"_monsterinsights_sitenote_active":false,"_monsterinsights_sitenote_note":"","_monsterinsights_sitenote_category":0,"_uf_show_specific_survey":0,"_uf_disable_surveys":false,"neve_meta_sidebar":"","neve_meta_container":"","neve_meta_enable_content_width":"","neve_meta_content_width":0,"neve_meta_title_alignment":"","neve_meta_author_avatar":"","neve_post_elements_order":"","neve_meta_disable_header":"","neve_meta_disable_footer":"","neve_meta_disable_title":"","_themeisle_gutenberg_block_has_review":false,"footnotes":""},"class_list":["post-769","page","type-page","status-publish","hentry"],"jetpack_sharing_enabled":true,"_links":{"self":[{"href":"https:\/\/schmuckanders.at\/en\/wp-json\/wp\/v2\/pages\/769","targetHints":{"allow":["GET"]}}],"collection":[{"href":"https:\/\/schmuckanders.at\/en\/wp-json\/wp\/v2\/pages"}],"about":[{"href":"https:\/\/schmuckanders.at\/en\/wp-json\/wp\/v2\/types\/page"}],"author":[{"embeddable":true,"href":"https:\/\/schmuckanders.at\/en\/wp-json\/wp\/v2\/users\/1"}],"replies":[{"embeddable":true,"href":"https:\/\/schmuckanders.at\/en\/wp-json\/wp\/v2\/comments?post=769"}],"version-history":[{"count":9,"href":"https:\/\/schmuckanders.at\/en\/wp-json\/wp\/v2\/pages\/769\/revisions"}],"predecessor-version":[{"id":1114,"href":"https:\/\/schmuckanders.at\/en\/wp-json\/wp\/v2\/pages\/769\/revisions\/1114"}],"wp:attachment":[{"href":"https:\/\/schmuckanders.at\/en\/wp-json\/wp\/v2\/media?parent=769"}],"curies":[{"name":"wp","href":"https:\/\/api.w.org\/{rel}","templated":true}]}}