{"id":742,"date":"2023-11-19T16:38:00","date_gmt":"2023-11-19T16:38:00","guid":{"rendered":"https:\/\/schmuckanders.at\/?post_type=product&#038;p=742"},"modified":"2024-07-05T19:24:37","modified_gmt":"2024-07-05T19:24:37","slug":"titan-ohrringe-schwarz-2","status":"publish","type":"product","link":"https:\/\/schmuckanders.at\/en\/product\/titan-ohrringe-schwarz-2\/","title":{"rendered":"Titan Ohrringe Schwarz"},"content":{"rendered":"","protected":false},"excerpt":{"rendered":"<p>&nbsp;<\/p>\n<p><strong>Leichte Titan-Ohrringe f\u00fcr jeden Tag \u2013 Ideal f\u00fcr Allergiker<\/strong><\/p>\n<p>Diese Ohrringe sind perfekt f\u00fcr jede Gelegenheit und jedes Outfit. Hergestellt aus ultraleichtem Titan, einem Werkstoff mit h\u00f6chster Biokompatibilit\u00e4t, sind sie die ideale Wahl f\u00fcr Menschen mit Metallallergien oder Unvertr\u00e4glichkeiten. Die Kombination mit Silikon sorgt f\u00fcr zus\u00e4tzlichen Komfort und Sicherheit. Erh\u00e4ltlich in vier verschiedenen Gr\u00f6\u00dfen.<\/p>","protected":false},"featured_media":720,"template":"","meta":{"om_disable_all_campaigns":false,"_monsterinsights_skip_tracking":false,"_monsterinsights_sitenote_active":false,"_monsterinsights_sitenote_note":"","_monsterinsights_sitenote_category":0,"_uf_show_specific_survey":0,"_uf_disable_surveys":false,"neve_meta_sidebar":"","neve_meta_container":"","neve_meta_enable_content_width":"off","neve_meta_content_width":100,"neve_meta_title_alignment":"","neve_meta_author_avatar":"","neve_post_elements_order":"","neve_meta_disable_header":"","neve_meta_disable_footer":"","neve_meta_disable_title":"","_themeisle_gutenberg_block_has_review":false},"product_brand":[],"product_cat":[28],"product_tag":[],"class_list":{"0":"post-742","1":"product","2":"type-product","3":"status-publish","4":"has-post-thumbnail","6":"product_cat-titan","8":"first","9":"instock","10":"shipping-taxable","11":"product-type-simple"},"jetpack_sharing_enabled":true,"_links":{"self":[{"href":"https:\/\/schmuckanders.at\/en\/wp-json\/wp\/v2\/product\/742","targetHints":{"allow":["GET"]}}],"collection":[{"href":"https:\/\/schmuckanders.at\/en\/wp-json\/wp\/v2\/product"}],"about":[{"href":"https:\/\/schmuckanders.at\/en\/wp-json\/wp\/v2\/types\/product"}],"wp:featuredmedia":[{"embeddable":true,"href":"https:\/\/schmuckanders.at\/en\/wp-json\/wp\/v2\/media\/720"}],"wp:attachment":[{"href":"https:\/\/schmuckanders.at\/en\/wp-json\/wp\/v2\/media?parent=742"}],"wp:term":[{"taxonomy":"product_brand","embeddable":true,"href":"https:\/\/schmuckanders.at\/en\/wp-json\/wp\/v2\/product_brand?post=742"},{"taxonomy":"product_cat","embeddable":true,"href":"https:\/\/schmuckanders.at\/en\/wp-json\/wp\/v2\/product_cat?post=742"},{"taxonomy":"product_tag","embeddable":true,"href":"https:\/\/schmuckanders.at\/en\/wp-json\/wp\/v2\/product_tag?post=742"}],"curies":[{"name":"wp","href":"https:\/\/api.w.org\/{rel}","templated":true}]}}