{"id":746,"date":"2023-11-19T16:46:35","date_gmt":"2023-11-19T16:46:35","guid":{"rendered":"https:\/\/schmuckanders.at\/?post_type=product&#038;p=746"},"modified":"2024-07-06T13:32:54","modified_gmt":"2024-07-06T13:32:54","slug":"ring-mit-ecken","status":"publish","type":"product","link":"https:\/\/schmuckanders.at\/en\/product\/ring-mit-ecken\/","title":{"rendered":"Ring mit Ecken"},"content":{"rendered":"<p><strong>Eckige Ringe aus 925 Sterlingsilber \u2013 Markant und Individuell<\/strong><\/p>\n<p>Entdecke meine handgefertigten eckigen Ringe aus 925 Sterlingsilber. Mit ihrem einzigartigen, minimalistischen Design und den pr\u00e4gnanten Kanten bieten sie eine au\u00dfergew\u00f6hnliche Alternative zu klassischen runden Ringen. Jeder Ring ist in Hochglanz poliert oder geschw\u00e4rzt erh\u00e4ltlich und wird in allen Gr\u00f6\u00dfen gefertigt \u2013 ideal auch f\u00fcr M\u00e4nner.<\/p>","protected":false},"excerpt":{"rendered":"<p><strong>Eckige Ringe aus 925 Sterlingsilber &#8211; F\u00fcr Liebhaber des Besonderen<\/strong><\/p>\n<p>Setzen Sie ein Statement mit diesen eckigen Ringen aus 925 Sterlingsilber. In einem minimalistischen Design, das sich durch markante Kanten und Ecken auszeichnet, sind diese Ringe ein Must-have f\u00fcr alle, die etwas Besonderes suchen. Erh\u00e4ltlich in Hochglanz oder geschw\u00e4rzt und in allen Ringgr\u00f6\u00dfen \u2013 auch perfekt f\u00fcr M\u00e4nner.<\/p>","protected":false},"featured_media":658,"template":"","meta":{"om_disable_all_campaigns":false,"_monsterinsights_skip_tracking":false,"_monsterinsights_sitenote_active":false,"_monsterinsights_sitenote_note":"","_monsterinsights_sitenote_category":0,"_uf_show_specific_survey":0,"_uf_disable_surveys":false,"neve_meta_sidebar":"","neve_meta_container":"","neve_meta_enable_content_width":"off","neve_meta_content_width":100,"neve_meta_title_alignment":"","neve_meta_author_avatar":"","neve_post_elements_order":"","neve_meta_disable_header":"","neve_meta_disable_footer":"","neve_meta_disable_title":"","_themeisle_gutenberg_block_has_review":false},"product_brand":[],"product_cat":[26],"product_tag":[],"class_list":{"0":"post-746","1":"product","2":"type-product","3":"status-publish","4":"has-post-thumbnail","6":"product_cat-ringe-mit-ecken-und-kanten","8":"first","9":"instock","10":"shipping-taxable","11":"product-type-simple"},"jetpack_sharing_enabled":true,"_links":{"self":[{"href":"https:\/\/schmuckanders.at\/en\/wp-json\/wp\/v2\/product\/746","targetHints":{"allow":["GET"]}}],"collection":[{"href":"https:\/\/schmuckanders.at\/en\/wp-json\/wp\/v2\/product"}],"about":[{"href":"https:\/\/schmuckanders.at\/en\/wp-json\/wp\/v2\/types\/product"}],"wp:featuredmedia":[{"embeddable":true,"href":"https:\/\/schmuckanders.at\/en\/wp-json\/wp\/v2\/media\/658"}],"wp:attachment":[{"href":"https:\/\/schmuckanders.at\/en\/wp-json\/wp\/v2\/media?parent=746"}],"wp:term":[{"taxonomy":"product_brand","embeddable":true,"href":"https:\/\/schmuckanders.at\/en\/wp-json\/wp\/v2\/product_brand?post=746"},{"taxonomy":"product_cat","embeddable":true,"href":"https:\/\/schmuckanders.at\/en\/wp-json\/wp\/v2\/product_cat?post=746"},{"taxonomy":"product_tag","embeddable":true,"href":"https:\/\/schmuckanders.at\/en\/wp-json\/wp\/v2\/product_tag?post=746"}],"curies":[{"name":"wp","href":"https:\/\/api.w.org\/{rel}","templated":true}]}}